{"id":432,"date":"2023-04-11T13:36:44","date_gmt":"2023-04-11T13:36:44","guid":{"rendered":"https:\/\/www.kuzdraveni.cz\/?page_id=432"},"modified":"2023-06-29T14:49:08","modified_gmt":"2023-06-29T14:49:08","slug":"mesicni-vyzvy","status":"publish","type":"page","link":"https:\/\/www.kuzdraveni.cz\/?page_id=432","title":{"rendered":"M\u011bs\u00ed\u010dn\u00ed v\u00fdzvy"},"content":{"rendered":"[vc_row type=&#8220;full_width_content&#8220; full_screen_row_position=&#8220;middle&#8220; column_margin=&#8220;default&#8220; column_direction=&#8220;default&#8220; column_direction_tablet=&#8220;default&#8220; column_direction_phone=&#8220;default&#8220; bg_image=&#8220;436&#8243; bg_position=&#8220;center bottom&#8220; background_image_loading=&#8220;default&#8220; bg_repeat=&#8220;no-repeat&#8220; scene_position=&#8220;center&#8220; text_color=&#8220;dark&#8220; text_align=&#8220;left&#8220; row_border_radius=&#8220;none&#8220; row_border_radius_applies=&#8220;bg&#8220; overflow=&#8220;visible&#8220; overlay_strength=&#8220;0.3&#8243; gradient_direction=&#8220;left_to_right&#8220; shape_divider_position=&#8220;bottom&#8220; bg_image_animation=&#8220;none&#8220; gradient_type=&#8220;default&#8220; shape_type=&#8220;&#8220;][vc_column column_padding=&#8220;no-extra-padding&#8220; column_padding_tablet=&#8220;inherit&#8220; column_padding_phone=&#8220;inherit&#8220; column_padding_position=&#8220;all&#8220; left_margin=&#8220;10%&#8220; constrain_group_2=&#8220;yes&#8220; right_margin=&#8220;10%&#8220; column_element_direction_desktop=&#8220;default&#8220; column_element_spacing=&#8220;default&#8220; desktop_text_alignment=&#8220;default&#8220; tablet_text_alignment=&#8220;default&#8220; phone_text_alignment=&#8220;default&#8220; background_color_opacity=&#8220;1&#8243; background_hover_color_opacity=&#8220;1&#8243; column_backdrop_filter=&#8220;none&#8220; column_shadow=&#8220;none&#8220; column_border_radius=&#8220;none&#8220; column_link_target=&#8220;_self&#8220; column_position=&#8220;default&#8220; gradient_direction=&#8220;left_to_right&#8220; overlay_strength=&#8220;0.3&#8243; width=&#8220;1\/1&#8243; tablet_width_inherit=&#8220;default&#8220; animation_type=&#8220;default&#8220; bg_image_animation=&#8220;none&#8220; border_type=&#8220;simple&#8220; column_border_width=&#8220;none&#8220; column_border_style=&#8220;solid&#8220; column_padding_type=&#8220;default&#8220; gradient_type=&#8220;default&#8220;][vc_row_inner column_margin=&#8220;default&#8220; column_direction=&#8220;default&#8220; column_direction_tablet=&#8220;default&#8220; column_direction_phone=&#8220;default&#8220; text_align=&#8220;left&#8220; row_position=&#8220;default&#8220; row_position_tablet=&#8220;inherit&#8220; row_position_phone=&#8220;inherit&#8220; overflow=&#8220;visible&#8220; pointer_events=&#8220;all&#8220;][vc_column_inner column_padding=&#8220;padding-2-percent&#8220; column_padding_tablet=&#8220;inherit&#8220; column_padding_phone=&#8220;inherit&#8220; column_padding_position=&#8220;all&#8220; column_element_direction_desktop=&#8220;default&#8220; column_element_spacing=&#8220;default&#8220; desktop_text_alignment=&#8220;default&#8220; tablet_text_alignment=&#8220;default&#8220; phone_text_alignment=&#8220;default&#8220; background_color=&#8220;#fff1db&#8220; background_color_opacity=&#8220;0.5&#8243; background_hover_color_opacity=&#8220;1&#8243; column_backdrop_filter=&#8220;none&#8220; column_shadow=&#8220;none&#8220; column_border_radius=&#8220;none&#8220; column_link_target=&#8220;_self&#8220; overflow=&#8220;visible&#8220; gradient_direction=&#8220;left_to_right&#8220; overlay_strength=&#8220;0.3&#8243; width=&#8220;1\/1&#8243; tablet_width_inherit=&#8220;default&#8220; animation_type=&#8220;default&#8220; bg_image_animation=&#8220;none&#8220; border_type=&#8220;simple&#8220; column_border_width=&#8220;none&#8220; column_border_style=&#8220;solid&#8220; column_padding_type=&#8220;default&#8220; gradient_type=&#8220;default&#8220;][vc_column_text]\n<h1 style=\"text-align: center;\"><span style=\"color: #000000;\">M\u011bs\u00ed\u010dn\u00ed v\u00fdzvy<\/span><\/h1>\n<h3 style=\"text-align: center;\">V\u00edtej u m\u011bs\u00ed\u010dn\u00edch v\u00fdzev na tv\u00e9 cest\u011b k uzdraven\u00ed. M\u00e1\u0161-li odvahu, p\u0159idej se.<\/h3>\n<p style=\"text-align: center;\">Ka\u017ed\u00fd m\u011bs\u00edc t\u011b tady bude \u010dekat nov\u00fd \u00fakol k poko\u0159en\u00ed. To t\u011b p\u0159im\u011bje poka\u017ed\u00e9 jin\u00fdm zp\u016fsobem vystoupit z tv\u00e9 komfortn\u00ed z\u00f3ny.\u00a0 M\u00fdm c\u00edlem je, podpo\u0159it tv\u00e9 snahy k vy\u0159e\u0161en\u00ed probl\u00e9mu a\u0165 je jak\u00fdkoli. Nikdo z n\u00e1s na to nen\u00ed s\u00e1m. Podpo\u0159me se navz\u00e1jem, proto\u017ee spole\u010dn\u011b jsme siln\u011bj\u0161\u00ed, spole\u010dn\u011b dok\u00e1\u017eeme cokoli.<\/p>\n[\/vc_column_text][\/vc_column_inner][\/vc_row_inner][divider line_type=&#8220;No Line&#8220; custom_height=&#8220;200&#8243;][\/vc_column][\/vc_row][vc_row type=&#8220;in_container&#8220; full_screen_row_position=&#8220;middle&#8220; column_margin=&#8220;default&#8220; column_direction=&#8220;default&#8220; column_direction_tablet=&#8220;default&#8220; column_direction_phone=&#8220;default&#8220; scene_position=&#8220;center&#8220; text_color=&#8220;dark&#8220; text_align=&#8220;left&#8220; row_border_radius=&#8220;none&#8220; row_border_radius_applies=&#8220;bg&#8220; overflow=&#8220;visible&#8220; overlay_strength=&#8220;0.3&#8243; gradient_direction=&#8220;left_to_right&#8220; shape_divider_position=&#8220;bottom&#8220; bg_image_animation=&#8220;none&#8220;][vc_column column_padding=&#8220;padding-2-percent&#8220; column_padding_tablet=&#8220;inherit&#8220; column_padding_phone=&#8220;inherit&#8220; column_padding_position=&#8220;all&#8220; column_element_direction_desktop=&#8220;default&#8220; column_element_spacing=&#8220;default&#8220; desktop_text_alignment=&#8220;default&#8220; tablet_text_alignment=&#8220;default&#8220; phone_text_alignment=&#8220;default&#8220; background_color_opacity=&#8220;1&#8243; background_hover_color_opacity=&#8220;1&#8243; background_image=&#8220;796&#8243; background_image_position=&#8220;center bottom&#8220; background_image_stacking=&#8220;default&#8220; background_image_loading=&#8220;default&#8220; column_backdrop_filter=&#8220;none&#8220; column_shadow=&#8220;none&#8220; column_border_radius=&#8220;none&#8220; column_link_target=&#8220;_self&#8220; column_position=&#8220;default&#8220; gradient_direction=&#8220;left_to_right&#8220; overlay_strength=&#8220;0.3&#8243; width=&#8220;1\/4&#8243; tablet_width_inherit=&#8220;default&#8220; animation_type=&#8220;default&#8220; bg_image_animation=&#8220;none&#8220; border_type=&#8220;simple&#8220; column_border_width=&#8220;none&#8220; column_border_style=&#8220;solid&#8220; column_padding_type=&#8220;default&#8220; gradient_type=&#8220;default&#8220;][image_with_animation image_size=&#8220;medium&#8220; animation_type=&#8220;entrance&#8220; animation=&#8220;None&#8220; animation_movement_type=&#8220;transform_y&#8220; hover_animation=&#8220;none&#8220; alignment=&#8220;&#8220; border_radius=&#8220;none&#8220; box_shadow=&#8220;none&#8220; image_loading=&#8220;default&#8220; max_width=&#8220;100%&#8220; max_width_mobile=&#8220;default&#8220;][\/vc_column][vc_column column_padding=&#8220;padding-5-percent&#8220; column_padding_tablet=&#8220;inherit&#8220; column_padding_phone=&#8220;inherit&#8220; column_padding_position=&#8220;all&#8220; column_element_direction_desktop=&#8220;default&#8220; column_element_spacing=&#8220;default&#8220; desktop_text_alignment=&#8220;default&#8220; tablet_text_alignment=&#8220;default&#8220; phone_text_alignment=&#8220;default&#8220; background_color_opacity=&#8220;1&#8243; background_hover_color_opacity=&#8220;1&#8243; column_backdrop_filter=&#8220;none&#8220; column_shadow=&#8220;none&#8220; column_border_radius=&#8220;none&#8220; column_link_target=&#8220;_self&#8220; column_position=&#8220;default&#8220; gradient_direction=&#8220;left_to_right&#8220; overlay_strength=&#8220;0.3&#8243; width=&#8220;3\/4&#8243; tablet_width_inherit=&#8220;default&#8220; animation_type=&#8220;default&#8220; bg_image_animation=&#8220;none&#8220; border_type=&#8220;simple&#8220; column_border_width=&#8220;none&#8220; column_border_style=&#8220;solid&#8220; column_padding_type=&#8220;default&#8220; gradient_type=&#8220;default&#8220;][vc_column_text]\n<h4><\/h4>\n<h2><strong>\u010cervencov\u00e1 <span style=\"color: #ff9900;\">\u201eMEDITA\u010cN\u00cd\u201c<\/span> v\u00fdzva<\/strong><\/h2>\n<h2><strong>startuje 1.7. 2023<\/strong><\/h2>\n<p>Po ak\u010dn\u00edm \u010dervnu je \u010das hodit se do pohody. Proto se \u010dervenec ponese ve znamen\u00ed klidu, relaxace a meditace. Nejde ani tak o v\u00fdzvu druh\u00fdch, ale o v\u00fdzvu v n\u00e1s samotn\u00fdch.<\/p>\n<p><strong>C\u00edl v\u00fdzvy<\/strong><br \/>\nC\u00edlem je meditovat alespo\u0148 5 minut ka\u017ed\u00fd den nebo 10,20 nebo t\u0159eba 1 hodinu, to u\u017e je na v\u00e1s. Nikdo v\u00e1s nebude kontrolovat, nikdo v\u00e1s nebude hl\u00eddat. Pokud jeden den vynech\u00e1te, sv\u011bt se nezbo\u0159\u00ed. Zkuste v\u0161ak po dobu m\u011bs\u00edce meditovat ka\u017ed\u00fd den alespo\u0148 5 minut. V\u011b\u0159\u00edm, \u017ee v\u00e1s tento \u010das velmi obohat\u00ed.<\/p>\n<p>V\u00edce o meditaci si m\u016f\u017eete <a href=\"https:\/\/www.kuzdraveni.cz\/?p=73\">poslechnout v podcastu nebo p\u0159e\u010d\u00edst v tomto \u010dl\u00e1nku<\/a>.<\/p>\n<p>PRAKTICK\u00c9 P\u0158EKVAPEN\u00cd JI\u017d BRZY.[\/vc_column_text][\/vc_column][\/vc_row][vc_row type=&#8220;in_container&#8220; full_screen_row_position=&#8220;middle&#8220; column_margin=&#8220;default&#8220; column_direction=&#8220;default&#8220; column_direction_tablet=&#8220;default&#8220; column_direction_phone=&#8220;default&#8220; scene_position=&#8220;center&#8220; text_color=&#8220;dark&#8220; text_align=&#8220;left&#8220; row_border_radius=&#8220;none&#8220; row_border_radius_applies=&#8220;bg&#8220; overflow=&#8220;visible&#8220; overlay_strength=&#8220;0.3&#8243; gradient_direction=&#8220;left_to_right&#8220; shape_divider_position=&#8220;bottom&#8220; bg_image_animation=&#8220;none&#8220;][vc_column column_padding=&#8220;padding-2-percent&#8220; column_padding_tablet=&#8220;inherit&#8220; column_padding_phone=&#8220;inherit&#8220; column_padding_position=&#8220;all&#8220; column_element_direction_desktop=&#8220;default&#8220; column_element_spacing=&#8220;default&#8220; desktop_text_alignment=&#8220;default&#8220; tablet_text_alignment=&#8220;default&#8220; phone_text_alignment=&#8220;default&#8220; background_color_opacity=&#8220;1&#8243; background_hover_color_opacity=&#8220;1&#8243; column_backdrop_filter=&#8220;none&#8220; column_shadow=&#8220;none&#8220; column_border_radius=&#8220;none&#8220; column_link_target=&#8220;_self&#8220; column_position=&#8220;default&#8220; gradient_direction=&#8220;left_to_right&#8220; overlay_strength=&#8220;0.3&#8243; width=&#8220;1\/4&#8243; tablet_width_inherit=&#8220;default&#8220; animation_type=&#8220;default&#8220; bg_image_animation=&#8220;none&#8220; border_type=&#8220;simple&#8220; column_border_width=&#8220;none&#8220; column_border_style=&#8220;solid&#8220; column_padding_type=&#8220;default&#8220; gradient_type=&#8220;default&#8220;][image_with_animation image_url=&#8220;666&#8243; image_size=&#8220;medium&#8220; animation_type=&#8220;entrance&#8220; animation=&#8220;None&#8220; animation_movement_type=&#8220;transform_y&#8220; hover_animation=&#8220;none&#8220; alignment=&#8220;&#8220; border_radius=&#8220;none&#8220; box_shadow=&#8220;none&#8220; image_loading=&#8220;default&#8220; max_width=&#8220;100%&#8220; max_width_mobile=&#8220;default&#8220;][\/vc_column][vc_column column_padding=&#8220;padding-5-percent&#8220; column_padding_tablet=&#8220;inherit&#8220; column_padding_phone=&#8220;inherit&#8220; column_padding_position=&#8220;all&#8220; column_element_direction_desktop=&#8220;default&#8220; column_element_spacing=&#8220;default&#8220; desktop_text_alignment=&#8220;default&#8220; tablet_text_alignment=&#8220;default&#8220; phone_text_alignment=&#8220;default&#8220; background_color_opacity=&#8220;1&#8243; background_hover_color_opacity=&#8220;1&#8243; column_backdrop_filter=&#8220;none&#8220; column_shadow=&#8220;none&#8220; column_border_radius=&#8220;none&#8220; column_link_target=&#8220;_self&#8220; column_position=&#8220;default&#8220; gradient_direction=&#8220;left_to_right&#8220; overlay_strength=&#8220;0.3&#8243; width=&#8220;3\/4&#8243; tablet_width_inherit=&#8220;default&#8220; animation_type=&#8220;default&#8220; bg_image_animation=&#8220;none&#8220; border_type=&#8220;simple&#8220; column_border_width=&#8220;none&#8220; column_border_style=&#8220;solid&#8220; column_padding_type=&#8220;default&#8220; gradient_type=&#8220;default&#8220;][vc_column_text]\n<h4><\/h4>\n<h2><strong>\u010cervnov\u00e1 <span style=\"color: #ff9900;\">\u201eCHOD\u00cdC\u00cd\u201c<\/span> v\u00fdzva se SKINNERS<\/strong><\/h2>\n<h2><strong>startuje 1.6. 2023<\/strong><\/h2>\n<p>V \u010dervnov\u00e9 v\u00fdzv\u011b se spole\u010dn\u011b vyd\u00e1me na cestu, cestu dlouhou 210 kilometr\u016f. prvn\u00ed 3 z v\u00e1s, kdo budou v c\u00edli prvn\u00ed vyhr\u00e1vaj\u00ed pono\u017ekoboty od firmy <a href=\"https:\/\/skinners.cc\/cs\/\">SKINNERS<\/a>, kter\u00e1 se rozhodla tuto v\u00fdzvu podpo\u0159it.<\/p>\n<p>210 kilometr\u016f je vzd\u00e1lenost mezi Prahou a Brnem, tedy konkr\u00e9tn\u011b V\u00e1clavsk\u00fdm n\u00e1m\u011bst\u00edm a \u00dadoln\u00ed ulic\u00ed, kde najdete 1. kamennou prodejnu <a href=\"https:\/\/skinners.cc\/cs\/\">SKINNERS<\/a>.<\/p>\n<p><strong>KDO SE CHCE REGISTROVAT DO V\u00ddZVY A ZAPOJIT SE DO SOUT\u011a\u017dE O CENY: DEJTE MI V\u011aD\u011aT DO 31.5.2023\u00a0REGISTRACE NUTN\u00c1<br \/>\nFB SKUPINA:\u00a0<a href=\"https:\/\/www.facebook.com\/groups\/3400391986885479\">K UZDRAVEN\u00cd<\/a><br \/>\nP\u0159\u00edpadn\u011b na email: matejhrabek@kuzdraveni.cz<\/strong><\/p>\n<p><strong>V\u00fdzva potrv\u00e1 od 1.6. do 30.6. Pr\u016fb\u011bh v\u00fdzvy budeme sd\u00edlet a hl\u00eddat prost\u0159ednictv\u00edm aplikace strava, kterou je t\u0159eba si st\u00e1hnout, d\u00e1t mi v\u011bd\u011bt a j\u00e1 v\u00e1s p\u0159ipoj\u00edm do v\u00fdzvy. Zde je obr\u00e1zek aplikace, kterou m\u00e1m na mysli.<\/strong><\/p>\n<p><strong><img loading=\"lazy\" decoding=\"async\" class=\"size-medium wp-image-695 alignright\" src=\"http:\/\/www.kuzdraveni.cz\/wp-content\/uploads\/2023\/05\/strava-bezplatne-funkce-774x516-1-300x200.jpg\" alt=\"\" width=\"300\" height=\"200\" srcset=\"https:\/\/www.kuzdraveni.cz\/wp-content\/uploads\/2023\/05\/strava-bezplatne-funkce-774x516-1-300x200.jpg 300w, https:\/\/www.kuzdraveni.cz\/wp-content\/uploads\/2023\/05\/strava-bezplatne-funkce-774x516-1-768x512.jpg 768w, https:\/\/www.kuzdraveni.cz\/wp-content\/uploads\/2023\/05\/strava-bezplatne-funkce-774x516-1-600x400.jpg 600w, https:\/\/www.kuzdraveni.cz\/wp-content\/uploads\/2023\/05\/strava-bezplatne-funkce-774x516-1.jpg 774w\" sizes=\"auto, (max-width: 300px) 100vw, 300px\" \/>A \u00daKOL JE JEDNODUCH\u00dd: KDO NEJRYCHLEJI NACHOD\u00cd 210 KILOMETR\u016e VYHR\u00c1V\u00c1 A NA 3 NEJRYCHLEJ\u0160\u00cd<\/strong><\/p>\n<p><strong>!!!PO\u010c\u00cdT\u00c1 SE POUZE CH\u016eZE NIKOLI B\u011aH, J\u00cdZDA NA KOLE ATD.!!!<\/strong>[\/vc_column_text][\/vc_column][\/vc_row][vc_row type=&#8220;in_container&#8220; full_screen_row_position=&#8220;middle&#8220; column_margin=&#8220;default&#8220; column_direction=&#8220;default&#8220; column_direction_tablet=&#8220;default&#8220; column_direction_phone=&#8220;default&#8220; scene_position=&#8220;center&#8220; text_color=&#8220;dark&#8220; text_align=&#8220;left&#8220; row_border_radius=&#8220;none&#8220; row_border_radius_applies=&#8220;bg&#8220; overflow=&#8220;visible&#8220; overlay_strength=&#8220;0.3&#8243; gradient_direction=&#8220;left_to_right&#8220; shape_divider_position=&#8220;bottom&#8220; bg_image_animation=&#8220;none&#8220;][vc_column column_padding=&#8220;padding-2-percent&#8220; column_padding_tablet=&#8220;inherit&#8220; column_padding_phone=&#8220;inherit&#8220; column_padding_position=&#8220;all&#8220; column_element_direction_desktop=&#8220;default&#8220; column_element_spacing=&#8220;default&#8220; desktop_text_alignment=&#8220;default&#8220; tablet_text_alignment=&#8220;default&#8220; phone_text_alignment=&#8220;default&#8220; background_color_opacity=&#8220;1&#8243; background_hover_color_opacity=&#8220;1&#8243; column_backdrop_filter=&#8220;none&#8220; column_shadow=&#8220;none&#8220; column_border_radius=&#8220;none&#8220; column_link_target=&#8220;_self&#8220; column_position=&#8220;default&#8220; gradient_direction=&#8220;left_to_right&#8220; overlay_strength=&#8220;0.3&#8243; width=&#8220;1\/4&#8243; tablet_width_inherit=&#8220;default&#8220; animation_type=&#8220;default&#8220; bg_image_animation=&#8220;none&#8220; border_type=&#8220;simple&#8220; column_border_width=&#8220;none&#8220; column_border_style=&#8220;solid&#8220; column_padding_type=&#8220;default&#8220; gradient_type=&#8220;default&#8220;][image_with_animation image_url=&#8220;463&#8243; image_size=&#8220;medium&#8220; animation_type=&#8220;entrance&#8220; animation=&#8220;None&#8220; animation_movement_type=&#8220;transform_y&#8220; hover_animation=&#8220;none&#8220; alignment=&#8220;&#8220; border_radius=&#8220;none&#8220; box_shadow=&#8220;none&#8220; image_loading=&#8220;default&#8220; max_width=&#8220;100%&#8220; max_width_mobile=&#8220;default&#8220;][\/vc_column][vc_column column_padding=&#8220;padding-5-percent&#8220; column_padding_tablet=&#8220;inherit&#8220; column_padding_phone=&#8220;inherit&#8220; column_padding_position=&#8220;all&#8220; column_element_direction_desktop=&#8220;default&#8220; column_element_spacing=&#8220;default&#8220; desktop_text_alignment=&#8220;default&#8220; tablet_text_alignment=&#8220;default&#8220; phone_text_alignment=&#8220;default&#8220; background_color_opacity=&#8220;1&#8243; background_hover_color_opacity=&#8220;1&#8243; column_backdrop_filter=&#8220;none&#8220; column_shadow=&#8220;none&#8220; column_border_radius=&#8220;none&#8220; column_link_target=&#8220;_self&#8220; column_position=&#8220;default&#8220; gradient_direction=&#8220;left_to_right&#8220; overlay_strength=&#8220;0.3&#8243; width=&#8220;3\/4&#8243; tablet_width_inherit=&#8220;default&#8220; animation_type=&#8220;default&#8220; bg_image_animation=&#8220;none&#8220; border_type=&#8220;simple&#8220; column_border_width=&#8220;none&#8220; column_border_style=&#8220;solid&#8220; column_padding_type=&#8220;default&#8220; gradient_type=&#8220;default&#8220;][vc_column_text]\n<h4><strong>Jako prvn\u00ed n\u00e1s \u010dek\u00e1:<\/strong><\/h4>\n<h2><strong>Kv\u011btnov\u00e1 <span style=\"color: #ff9900;\">\u201eCUKR FREE\u201c<\/span> v\u00fdzva.<\/strong><\/h2>\n<h2><strong>startuje 1.5. 2023<\/strong><\/h2>\n<p><strong>Pravidla jsou jednoduch\u00e1. Vy\u0159a\u010f v\u0161echen cukr ze sv\u00e9 sp\u00ed\u017ee a sv\u00e9ho \u017eivota.<\/strong><\/p>\n<ul>\n<li>b\u00edl\u00fd i t\u0159tinov\u00fd cukr (t\u0159tinov\u00fd cukr nen\u00ed zdrav\u011bj\u0161\u00ed)<\/li>\n<li>rafinovan\u00fd cukr v podob\u011b \u010dokol\u00e1d, ty\u010dinek, dezert\u016f, sladk\u00fdch n\u00e1poj\u016f a podobn\u011b<\/li>\n<li>cukr obsa\u017een\u00fd v ultra zpracovan\u00fdch potravin\u00e1ch (jedn\u00e1 se o potraviny, kter\u00e9 obsahuj\u00ed 3 a v\u00edce slo\u017eek). Tento \u00fakol b\u00fdv\u00e1 nejt\u011b\u017e\u0161\u00ed. Vy\u0159e\u0161\u00ed\u0161 ho t\u00edm, \u017ee si bude\u0161 sv\u00e9 j\u00eddlo p\u0159ipravovat doma<\/li>\n<li>Posledn\u00edm a dobrovoln\u00fdm krokem, kter\u00fd nech\u00e1m na tv\u00e9m rozhodnut\u00ed je vy\u0159azen\u00ed tak\u00e9 ovoce, proto\u017ee i tam je cukr (A\u0165 u\u017e cukr ovocn\u00fd nebo rafinovan\u00fd, oba podporuj\u00ed z\u00e1n\u011bt v t\u011ble)<\/li>\n<li>v\u00fdjimkou je zelenina. Nap\u0159\u00edklad bat\u00e1t obsahuje 4,2g cukru na 100g bat\u00e1tu<\/li>\n<\/ul>\n<p>Co m\u011b k v\u00fdzv\u011b vedlo a jak\u00e9 benefity ti to p\u0159inese, kdy\u017e se k v\u00fdzv\u011b p\u0159id\u00e1\u0161 si m\u016f\u017ee\u0161 p\u0159e\u010d\u00edst v m\u00e9m \u010dl\u00e1nku <a href=\"https:\/\/www.kuzdraveni.cz\/?p=414\"><b>tady<\/b><\/a>. Kdykoli mi tak\u00e9 m\u016f\u017ee\u0161 napsat a j\u00e1 ti moc r\u00e1d porad\u00edm a podpo\u0159\u00edm. Dal\u0161\u00ed informace o v\u00fdzv\u011b budou p\u0159ib\u00fdvat,[\/vc_column_text][\/vc_column][\/vc_row]\n","protected":false},"excerpt":{"rendered":"<p>[vc_row type=&#8220;full_width_content&#8220; full_screen_row_position=&#8220;middle&#8220; column_margin=&#8220;default&#8220; column_direction=&#8220;default&#8220; column_direction_tablet=&#8220;default&#8220; column_direction_phone=&#8220;default&#8220; bg_image=&#8220;436&#8243; bg_position=&#8220;center bottom&#8220; background_image_loading=&#8220;default&#8220; bg_repeat=&#8220;no-repeat&#8220; scene_position=&#8220;center&#8220; text_color=&#8220;dark&#8220; text_align=&#8220;left&#8220; row_border_radius=&#8220;none&#8220; row_border_radius_applies=&#8220;bg&#8220; overflow=&#8220;visible&#8220; overlay_strength=&#8220;0.3&#8243; gradient_direction=&#8220;left_to_right&#8220; shape_divider_position=&#8220;bottom&#8220; bg_image_animation=&#8220;none&#8220; gradient_type=&#8220;default&#8220; shape_type=&#8220;&#8220;][vc_column column_padding=&#8220;no-extra-padding&#8220; column_padding_tablet=&#8220;inherit&#8220; column_padding_phone=&#8220;inherit&#8220; column_padding_position=&#8220;all&#8220; left_margin=&#8220;10%&#8220; constrain_group_2=&#8220;yes&#8220; right_margin=&#8220;10%&#8220; column_element_direction_desktop=&#8220;default&#8220; column_element_spacing=&#8220;default&#8220; desktop_text_alignment=&#8220;default&#8220; tablet_text_alignment=&#8220;default&#8220; phone_text_alignment=&#8220;default&#8220; background_color_opacity=&#8220;1&#8243; background_hover_color_opacity=&#8220;1&#8243; column_backdrop_filter=&#8220;none&#8220; column_shadow=&#8220;none&#8220; column_border_radius=&#8220;none&#8220; column_link_target=&#8220;_self&#8220; column_position=&#8220;default&#8220; gradient_direction=&#8220;left_to_right&#8220; overlay_strength=&#8220;0.3&#8243; width=&#8220;1\/1&#8243; tablet_width_inherit=&#8220;default&#8220; animation_type=&#8220;default&#8220; bg_image_animation=&#8220;none&#8220; border_type=&#8220;simple&#8220;&#8230;<\/p>\n","protected":false},"author":1,"featured_media":0,"parent":0,"menu_order":0,"comment_status":"closed","ping_status":"closed","template":"","meta":{"footnotes":""},"class_list":["post-432","page","type-page","status-publish"],"_links":{"self":[{"href":"https:\/\/www.kuzdraveni.cz\/index.php?rest_route=\/wp\/v2\/pages\/432","targetHints":{"allow":["GET"]}}],"collection":[{"href":"https:\/\/www.kuzdraveni.cz\/index.php?rest_route=\/wp\/v2\/pages"}],"about":[{"href":"https:\/\/www.kuzdraveni.cz\/index.php?rest_route=\/wp\/v2\/types\/page"}],"author":[{"embeddable":true,"href":"https:\/\/www.kuzdraveni.cz\/index.php?rest_route=\/wp\/v2\/users\/1"}],"replies":[{"embeddable":true,"href":"https:\/\/www.kuzdraveni.cz\/index.php?rest_route=%2Fwp%2Fv2%2Fcomments&post=432"}],"version-history":[{"count":50,"href":"https:\/\/www.kuzdraveni.cz\/index.php?rest_route=\/wp\/v2\/pages\/432\/revisions"}],"predecessor-version":[{"id":799,"href":"https:\/\/www.kuzdraveni.cz\/index.php?rest_route=\/wp\/v2\/pages\/432\/revisions\/799"}],"wp:attachment":[{"href":"https:\/\/www.kuzdraveni.cz\/index.php?rest_route=%2Fwp%2Fv2%2Fmedia&parent=432"}],"curies":[{"name":"wp","href":"https:\/\/api.w.org\/{rel}","templated":true}]}}